{"id":1623,"date":"2025-11-28T11:12:19","date_gmt":"2025-11-28T10:12:19","guid":{"rendered":"https:\/\/www.camping-larochepercee.com\/lange-aufenthalte\/"},"modified":"2025-12-15T21:24:29","modified_gmt":"2025-12-15T20:24:29","slug":"lange-aufenthalte","status":"publish","type":"page","link":"https:\/\/www.camping-larochepercee.com\/de\/unterkuenfte\/lange-aufenthalte\/","title":{"rendered":"Lange Aufenthalte"},"content":{"rendered":"\n<div class=\"wp-block-cover alignfull\"><img alt=\"\" decoding=\"async\" width=\"1024\" height=\"683\" class=\"wp-block-cover__image-background wp-image-417 size-large\" alt=\"\" src=\"https:\/\/www.camping-larochepercee.com\/wp-content\/uploads\/2025\/12\/00000814100-1024x683.jpg\" data-object-fit=\"cover\" srcset=\"https:\/\/www.camping-larochepercee.com\/wp-content\/uploads\/2025\/12\/00000814100-1024x683.jpg 1024w, https:\/\/www.camping-larochepercee.com\/wp-content\/uploads\/2025\/12\/00000814100-300x200.jpg 300w, https:\/\/www.camping-larochepercee.com\/wp-content\/uploads\/2025\/12\/00000814100-768x512.jpg 768w, https:\/\/www.camping-larochepercee.com\/wp-content\/uploads\/2025\/12\/00000814100-105x70.jpg 105w, https:\/\/www.camping-larochepercee.com\/wp-content\/uploads\/2025\/12\/00000814100-1440x960.jpg 1440w, https:\/\/www.camping-larochepercee.com\/wp-content\/uploads\/2025\/12\/00000814100-1080x720.jpg 1080w, https:\/\/www.camping-larochepercee.com\/wp-content\/uploads\/2025\/12\/00000814100-720x480.jpg 720w, https:\/\/www.camping-larochepercee.com\/wp-content\/uploads\/2025\/12\/00000814100-480x320.jpg 480w, https:\/\/www.camping-larochepercee.com\/wp-content\/uploads\/2025\/12\/00000814100-240x160.jpg 240w, https:\/\/www.camping-larochepercee.com\/wp-content\/uploads\/2025\/12\/00000814100-120x80.jpg 120w\" sizes=\"(max-width: 1024px) 100vw, 1024px\" \/><span aria-hidden=\"true\" class=\"wp-block-cover__background has-background-dim-100 has-background-dim wp-block-cover__gradient-background has-background-gradient has-hero-gradient-gradient-background\"><\/span><div class=\"wp-block-cover__inner-container is-layout-flow wp-block-cover-is-layout-flow\">\n<div class=\"wp-block-group alignfull hero-lab has-global-padding is-layout-constrained wp-container-core-group-is-layout-52358bef wp-block-group-is-layout-constrained\" style=\"padding-top:var(--wp--preset--spacing--xxxxxxl);padding-right:var(--wp--preset--spacing--xs);padding-bottom:var(--wp--preset--spacing--xxxxxxl);padding-left:var(--wp--preset--spacing--xs)\">\n<h1 class=\"wp-block-heading has-text-align-center is-style-default has-secondary-font-family has-xl-font-size\" style=\"text-transform:uppercase\">Genie\u00dfen Sie einen Langzeitaufenthalt in Fouesnant<\/h1>\n<\/div>\n<\/div><\/div>\n\n<div class=\"wp-block-group alignfull has-background is-layout-flow wp-block-group-is-layout-flow\" style=\"background:linear-gradient(135deg,rgb(224,204,152) 0%,rgb(56,102,139) 30%,rgb(26,40,55) 100%);padding-top:0;padding-right:0;padding-bottom:0;padding-left:0\">\n<div class=\"wp-block-cover is-style-background-contain banner-beach\" style=\"padding-top:var(--wp--preset--spacing--xl);padding-right:0;padding-bottom:var(--wp--preset--spacing--xl);padding-left:0\"><img alt=\"\" decoding=\"async\" width=\"2560\" height=\"1440\" class=\"wp-block-cover__image-background wp-image-166 size-16\/9_2560x1440_desktop\" alt=\"\" src=\"https:\/\/www.camping-larochepercee.com\/wp-content\/uploads\/2025\/11\/mer-1-2560x1440.webp\" style=\"object-position:50% 0%\" data-object-fit=\"cover\" data-object-position=\"50% 0%\" srcset=\"https:\/\/www.camping-larochepercee.com\/wp-content\/uploads\/2025\/11\/mer-1-2560x1440.webp 2560w, https:\/\/www.camping-larochepercee.com\/wp-content\/uploads\/2025\/11\/mer-1-123x70.webp 123w, https:\/\/www.camping-larochepercee.com\/wp-content\/uploads\/2025\/11\/mer-1-1920x1080.webp 1920w, https:\/\/www.camping-larochepercee.com\/wp-content\/uploads\/2025\/11\/mer-1-1440x810.webp 1440w, https:\/\/www.camping-larochepercee.com\/wp-content\/uploads\/2025\/11\/mer-1-1366x768.webp 1366w, https:\/\/www.camping-larochepercee.com\/wp-content\/uploads\/2025\/11\/mer-1-1024x576.webp 1024w, https:\/\/www.camping-larochepercee.com\/wp-content\/uploads\/2025\/11\/mer-1-800x450.webp 800w, https:\/\/www.camping-larochepercee.com\/wp-content\/uploads\/2025\/11\/mer-1-640x360.webp 640w, https:\/\/www.camping-larochepercee.com\/wp-content\/uploads\/2025\/11\/mer-1-375x210.webp 375w, https:\/\/www.camping-larochepercee.com\/wp-content\/uploads\/2025\/11\/mer-1-200x112.webp 200w, https:\/\/www.camping-larochepercee.com\/wp-content\/uploads\/2025\/11\/mer-1-100x56.webp 100w\" sizes=\"(max-width: 2560px) 100vw, 2560px\" \/><span aria-hidden=\"true\" class=\"wp-block-cover__background has-background-dim-100 has-background-dim wp-block-cover__gradient-background has-background-gradient\" style=\"background:linear-gradient(180deg,rgb(56,102,139) 0%,rgba(56,102,140,0.56) 16%,rgba(56,102,140,0) 51%,rgba(155,81,224,0) 100%)\"><\/span><div class=\"wp-block-cover__inner-container has-global-padding is-layout-constrained wp-container-core-cover-is-layout-44530be2 wp-block-cover-is-layout-constrained\"><div style=\"font-style:normal;font-weight:400; padding-left:var(--wp--preset--spacing--s);padding-top:var(--wp--preset--spacing--s);padding-bottom:var(--wp--preset--spacing--s);\" class=\"alignfull wp-elements-8de7e3f36acd8ecc9749c9a921d6bd93 wp-block-wpseopress-breadcrumbs has-text-color has-secondary-color\"><nav  aria-label=\"breadcrumb\"><ol class=\"breadcrumb\" itemscope itemtype=\"https:\/\/schema.org\/BreadcrumbList\"><li class=\"breadcrumb-item active\" aria-current=\"page\" itemprop=\"itemListElement\" itemscope itemtype=\"https:\/\/schema.org\/ListItem\"><span itemprop=\"name\">Camping \u00e0 Fouesnant<\/span><meta itemprop=\"position\" content=\"1\"><\/li><\/ol><\/nav><\/div>\n\n\n<div class=\"wp-block-group alignfull has-global-padding is-layout-constrained wp-block-group-is-layout-constrained\">\n<div style=\"height:100px\" aria-hidden=\"true\" class=\"wp-block-spacer\"><\/div>\n\n\n\n<div class=\"wp-block-group has-global-padding is-content-justification-left is-layout-constrained wp-container-core-group-is-layout-417067bb wp-block-group-is-layout-constrained\" style=\"padding-top:0;padding-right:0;padding-bottom:0;padding-left:0\">\n<p class=\"has-text-align-center fade\">Auf <strong>Camping La Roche Perc\u00e9e<\/strong> bieten wir Ihnen die M\u00f6glichkeit, Ihren Aufenthalt mit unseren Angeboten f\u00fcr Langzeitaufenthalte zu verl\u00e4ngern. Ob Sie nun auf der Suche nach einer Unterkunft sind, um die Bretagne zu erkunden oder einfach nur eine ruhige Umgebung f\u00fcr einen l\u00e4ngeren Aufenthalt genie\u00dfen m\u00f6chten, wir haben die richtige Unterkunft f\u00fcr Sie. Bleiben Sie f\u00fcr mehrere Wochen in einer Ferienwohnung in Founesnou. <strong><a href=\"https:\/\/www.camping-larochepercee.com\/de\/unterkuenfte\/\" data-type=\"page\" data-id=\"40\">Campingunterkunft in Fouesnant<\/a><\/strong> in einer ruhigen und gr\u00fcnen Umgebung, in der N\u00e4he der Str\u00e4nde, und entdecken Sie das s\u00fcdliche Finist\u00e8re in Ihrem eigenen Tempo.  <\/p>\n<\/div>\n\n\n\n<div style=\"height:100px\" aria-hidden=\"true\" class=\"wp-block-spacer\"><\/div>\n\n\n\n<div class=\"wp-block-group alignfull hrz-responsive-col birds-right  z-1 is-layout-flow wp-block-group-is-layout-flow\">\n<div class=\"wp-block-columns hrz-responsive-col is-layout-flex wp-container-core-columns-is-layout-73fe6009 wp-block-columns-is-layout-flex\" style=\"margin-top:0;margin-bottom:0\">\n<div class=\"wp-block-column is-vertically-aligned-stretch from-left is-layout-flow wp-block-column-is-layout-flow\" style=\"flex-basis:100%\">\n<div class=\"wp-block-group has-global-padding is-layout-constrained wp-block-group-is-layout-constrained\">\n<figure class=\"wp-block-image alignfull size-full is-style-rounded is-style-rounded--1\"><a href=\"https:\/\/www.camping-larochepercee.com\/wp-content\/uploads\/2025\/12\/00001164853.jpg\" rel=\"block-service\"><img alt=\"\" decoding=\"async\" width=\"640\" height=\"480\" src=\"https:\/\/www.camping-larochepercee.com\/wp-content\/uploads\/2025\/12\/00001164853.jpg\" alt=\"\" class=\"wp-image-414\" srcset=\"https:\/\/www.camping-larochepercee.com\/wp-content\/uploads\/2025\/12\/00001164853.jpg 640w, https:\/\/www.camping-larochepercee.com\/wp-content\/uploads\/2025\/12\/00001164853-300x225.jpg 300w, https:\/\/www.camping-larochepercee.com\/wp-content\/uploads\/2025\/12\/00001164853-93x70.jpg 93w, https:\/\/www.camping-larochepercee.com\/wp-content\/uploads\/2025\/12\/00001164853-320x240.jpg 320w, https:\/\/www.camping-larochepercee.com\/wp-content\/uploads\/2025\/12\/00001164853-160x120.jpg 160w\" sizes=\"(max-width: 640px) 100vw, 640px\" \/><\/a><\/figure>\n<\/div>\n<\/div>\n\n\n\n<div class=\"wp-block-column is-vertically-aligned-bottom fade is-layout-flow wp-block-column-is-layout-flow\" style=\"padding-right:var(--wp--preset--spacing--xs);padding-left:var(--wp--preset--spacing--xs);flex-basis:100%\">\n<div class=\"wp-block-group has-background-color has-text-color has-link-color wp-elements-f5c9cbf6c56d45f3dfea123bed7f8949 is-vertical is-content-justification-left is-layout-flex wp-container-core-group-is-layout-dc8799cd wp-block-group-is-layout-flex\" style=\"margin-top:0;margin-bottom:0\">\n<div class=\"wp-block-group has-global-padding is-content-justification-right is-layout-constrained wp-container-core-group-is-layout-fcb26deb wp-block-group-is-layout-constrained\" style=\"padding-top:0;padding-right:0;padding-bottom:0;padding-left:0\">\n<h2 class=\"wp-block-heading has-text-align-left is-style-default has-background-color has-text-color has-link-color wp-elements-f959554d37adc851db1d200c972525fb\">M\u00f6glichkeit eines l\u00e4ngeren Aufenthaltes ab 4 Wochen<\/h2>\n<\/div>\n\n\n\n<div class=\"wp-block-group has-global-padding is-layout-constrained wp-container-core-group-is-layout-a9a72e34 wp-block-group-is-layout-constrained\">\n<p class=\"has-background-color has-text-color has-link-color wp-elements-1e34942633bb8c0354b252b9fed07af5\">Wir bieten Ihnen <strong>l\u00e4ngere Aufenthalte<\/strong> in unseren Mobilheimen ab 4 Wochen an, die in den Monaten<strong>April<\/strong>, <strong>Mai<\/strong>, <strong>Juni<\/strong> und <strong>September<\/strong> verf\u00fcgbar sind. Diese Zeitr\u00e4ume sind ideal, um den Charme der Bretagne au\u00dferhalb der Saison zu genie\u00dfen, mit weniger Menschenmassen und einer angenehmen Umgebung. Unsere Mobilheime sind komplett ausgestattet, um Ihren Komfort w\u00e4hrend Ihres gesamten Aufenthalts zu gew\u00e4hrleisten. Z\u00f6gern Sie nicht <strong>, uns<\/strong> f\u00fcr weitere Informationen zu <strong>kontaktieren<\/strong> und Ihren verl\u00e4ngerten Aufenthalt zu buchen.   <\/p>\n<\/div>\n<\/div>\n<\/div>\n<\/div>\n<\/div>\n\n\n\n<div style=\"height:5rem\" aria-hidden=\"true\" class=\"wp-block-spacer\"><\/div>\n<\/div>\n<\/div><\/div>\n<\/div>\n","protected":false},"excerpt":{"rendered":"","protected":false},"author":1,"featured_media":0,"parent":1651,"menu_order":90,"comment_status":"closed","ping_status":"closed","template":"page-full-width","meta":{"_acf_changed":false,"_seopress_robots_primary_cat":"","_seopress_titles_title":"Langzeitaufenthalt in Fouesnant | Langzeitmiete in Finist\u00e8re sud (29)","_seopress_titles_desc":"Langzeitmiete in der s\u00fcdlichen Bretagne (29): Genie\u00dfen Sie eine Langzeitmiete in Fouesnant, ideal, um das Finist\u00e8re in Ihrem eigenen Tempo zu erkunden.","_seopress_robots_index":"","footnotes":""},"class_list":["post-1623","page","type-page","status-publish","hentry"],"acf":[],"_links":{"self":[{"href":"https:\/\/www.camping-larochepercee.com\/de\/wp-json\/wp\/v2\/pages\/1623","targetHints":{"allow":["GET"]}}],"collection":[{"href":"https:\/\/www.camping-larochepercee.com\/de\/wp-json\/wp\/v2\/pages"}],"about":[{"href":"https:\/\/www.camping-larochepercee.com\/de\/wp-json\/wp\/v2\/types\/page"}],"author":[{"embeddable":true,"href":"https:\/\/www.camping-larochepercee.com\/de\/wp-json\/wp\/v2\/users\/1"}],"replies":[{"embeddable":true,"href":"https:\/\/www.camping-larochepercee.com\/de\/wp-json\/wp\/v2\/comments?post=1623"}],"version-history":[{"count":2,"href":"https:\/\/www.camping-larochepercee.com\/de\/wp-json\/wp\/v2\/pages\/1623\/revisions"}],"predecessor-version":[{"id":2920,"href":"https:\/\/www.camping-larochepercee.com\/de\/wp-json\/wp\/v2\/pages\/1623\/revisions\/2920"}],"up":[{"embeddable":true,"href":"https:\/\/www.camping-larochepercee.com\/de\/wp-json\/wp\/v2\/pages\/1651"}],"wp:attachment":[{"href":"https:\/\/www.camping-larochepercee.com\/de\/wp-json\/wp\/v2\/media?parent=1623"}],"curies":[{"name":"wp","href":"https:\/\/api.w.org\/{rel}","templated":true}]}}