{"id":2137,"date":"2025-11-19T14:11:34","date_gmt":"2025-11-19T13:11:34","guid":{"rendered":"https:\/\/www.camping-larochepercee.com\/faq\/"},"modified":"2025-12-16T14:48:18","modified_gmt":"2025-12-16T13:48:18","slug":"faq","status":"publish","type":"page","link":"https:\/\/www.camping-larochepercee.com\/de\/faq\/","title":{"rendered":"FAQ"},"content":{"rendered":"\n<div class=\"wp-block-cover alignfull\"><img alt=\"\" decoding=\"async\" width=\"1024\" height=\"768\" class=\"wp-block-cover__image-background wp-image-176 size-large\" alt=\"\" src=\"https:\/\/www.camping-larochepercee.com\/wp-content\/uploads\/2025\/11\/ROCHE-PERCEE-2025-ESE-30-1024x768.webp\" data-object-fit=\"cover\" srcset=\"https:\/\/www.camping-larochepercee.com\/wp-content\/uploads\/2025\/11\/ROCHE-PERCEE-2025-ESE-30-1024x768.webp 1024w, https:\/\/www.camping-larochepercee.com\/wp-content\/uploads\/2025\/11\/ROCHE-PERCEE-2025-ESE-30-300x225.webp 300w, https:\/\/www.camping-larochepercee.com\/wp-content\/uploads\/2025\/11\/ROCHE-PERCEE-2025-ESE-30-768x576.webp 768w, https:\/\/www.camping-larochepercee.com\/wp-content\/uploads\/2025\/11\/ROCHE-PERCEE-2025-ESE-30-93x70.webp 93w, https:\/\/www.camping-larochepercee.com\/wp-content\/uploads\/2025\/11\/ROCHE-PERCEE-2025-ESE-30-1440x1080.webp 1440w, https:\/\/www.camping-larochepercee.com\/wp-content\/uploads\/2025\/11\/ROCHE-PERCEE-2025-ESE-30-720x540.webp 720w, https:\/\/www.camping-larochepercee.com\/wp-content\/uploads\/2025\/11\/ROCHE-PERCEE-2025-ESE-30-320x240.webp 320w, https:\/\/www.camping-larochepercee.com\/wp-content\/uploads\/2025\/11\/ROCHE-PERCEE-2025-ESE-30-160x120.webp 160w\" sizes=\"(max-width: 1024px) 100vw, 1024px\" \/><span aria-hidden=\"true\" class=\"wp-block-cover__background has-background-dim-100 has-background-dim wp-block-cover__gradient-background has-background-gradient has-hero-gradient-gradient-background\"><\/span><div class=\"wp-block-cover__inner-container is-layout-flow wp-block-cover-is-layout-flow\">\n<div class=\"wp-block-group alignfull hero-lab has-global-padding is-layout-constrained wp-container-core-group-is-layout-52358bef wp-block-group-is-layout-constrained\" style=\"padding-top:var(--wp--preset--spacing--xxxxxxl);padding-right:var(--wp--preset--spacing--xs);padding-bottom:var(--wp--preset--spacing--xxxxxxl);padding-left:var(--wp--preset--spacing--xs)\">\n<h1 class=\"wp-block-heading has-text-align-center is-style-default has-secondary-font-family has-xl-font-size\" style=\"text-transform:uppercase\">H\u00e4ufig gestellte Fragen<br>Camping La Roche Perc\u00e9e<\/h1>\n\n\n\n<p class=\"has-text-align-center has-secondary-color has-text-color has-link-color has-secondary-font-family has-m-font-size wp-elements-3d41986f7b89e7bc3d29ae25dc305270\" style=\"font-style:normal;font-weight:400\">Alles was Sie vor Ihrem Aufenthalt auf dem Campingplatz La Roche Perc\u00e9e wissen m\u00fcssen<\/p>\n<\/div>\n<\/div><\/div>\n\n\n\n<div class=\"wp-block-group alignfull has-background is-layout-flow wp-block-group-is-layout-flow\" style=\"background:linear-gradient(135deg,rgb(224,204,152) 0%,rgb(56,102,139) 30%,rgb(26,40,55) 100%);padding-top:0;padding-right:0;padding-bottom:0;padding-left:0\">\n<div class=\"wp-block-cover is-style-background-contain banner-beach has-aspect-ratio\" style=\"padding-top:var(--wp--preset--spacing--xl);padding-right:0;padding-bottom:var(--wp--preset--spacing--xl);padding-left:0;aspect-ratio:16\/9;min-height:unset;\"><img alt=\"\" decoding=\"async\" width=\"2560\" height=\"1440\" class=\"wp-block-cover__image-background wp-image-166 size-16\/9_2560x1440_desktop\" alt=\"\" src=\"https:\/\/www.camping-larochepercee.com\/wp-content\/uploads\/2025\/11\/mer-1-2560x1440.webp\" style=\"object-position:50% 0%\" data-object-fit=\"cover\" data-object-position=\"50% 0%\" srcset=\"https:\/\/www.camping-larochepercee.com\/wp-content\/uploads\/2025\/11\/mer-1-2560x1440.webp 2560w, https:\/\/www.camping-larochepercee.com\/wp-content\/uploads\/2025\/11\/mer-1-123x70.webp 123w, https:\/\/www.camping-larochepercee.com\/wp-content\/uploads\/2025\/11\/mer-1-1920x1080.webp 1920w, https:\/\/www.camping-larochepercee.com\/wp-content\/uploads\/2025\/11\/mer-1-1440x810.webp 1440w, https:\/\/www.camping-larochepercee.com\/wp-content\/uploads\/2025\/11\/mer-1-1366x768.webp 1366w, https:\/\/www.camping-larochepercee.com\/wp-content\/uploads\/2025\/11\/mer-1-1024x576.webp 1024w, https:\/\/www.camping-larochepercee.com\/wp-content\/uploads\/2025\/11\/mer-1-800x450.webp 800w, https:\/\/www.camping-larochepercee.com\/wp-content\/uploads\/2025\/11\/mer-1-640x360.webp 640w, https:\/\/www.camping-larochepercee.com\/wp-content\/uploads\/2025\/11\/mer-1-375x210.webp 375w, https:\/\/www.camping-larochepercee.com\/wp-content\/uploads\/2025\/11\/mer-1-200x112.webp 200w, https:\/\/www.camping-larochepercee.com\/wp-content\/uploads\/2025\/11\/mer-1-100x56.webp 100w\" sizes=\"(max-width: 2560px) 100vw, 2560px\" \/><span aria-hidden=\"true\" class=\"wp-block-cover__background has-background-dim-100 has-background-dim wp-block-cover__gradient-background has-background-gradient\" style=\"background:linear-gradient(180deg,rgb(56,102,139) 0%,rgba(56,102,140,0.56) 16%,rgba(56,102,140,0) 51%,rgba(155,81,224,0) 100%)\"><\/span><div class=\"wp-block-cover__inner-container has-global-padding is-layout-constrained wp-container-core-cover-is-layout-44530be2 wp-block-cover-is-layout-constrained\"><div style=\"font-style:normal;font-weight:400; padding-left:var(--wp--preset--spacing--s);padding-top:var(--wp--preset--spacing--s);padding-bottom:var(--wp--preset--spacing--s);\" class=\"alignfull wp-elements-8de7e3f36acd8ecc9749c9a921d6bd93 wp-block-wpseopress-breadcrumbs has-text-color has-secondary-color\"><nav  aria-label=\"breadcrumb\"><ol class=\"breadcrumb\" itemscope itemtype=\"https:\/\/schema.org\/BreadcrumbList\"><li class=\"breadcrumb-item active\" aria-current=\"page\" itemprop=\"itemListElement\" itemscope itemtype=\"https:\/\/schema.org\/ListItem\"><span itemprop=\"name\">Camping \u00e0 Fouesnant<\/span><meta itemprop=\"position\" content=\"1\"><\/li><\/ol><\/nav><\/div>\n\n\n<div class=\"wp-block-group alignfull has-global-padding is-layout-constrained wp-block-group-is-layout-constrained\">\n<div style=\"height:100px\" aria-hidden=\"true\" class=\"wp-block-spacer\"><\/div>\n\n\n\n<div class=\"wp-block-group has-global-padding is-content-justification-left is-layout-constrained wp-container-core-group-is-layout-417067bb wp-block-group-is-layout-constrained\" style=\"padding-top:0;padding-right:0;padding-bottom:0;padding-left:0\">\n<p class=\"has-text-align-center fade\">Sie haben Fragen zu Ihrem n\u00e4chsten Aufenthalt auf dem Campingplatz <strong><a href=\"https:\/\/www.camping-larochepercee.com\/de\/\" data-type=\"page\" data-id=\"4\">Campingplatz La Roche Perc\u00e9e in Fouesnant<\/a><\/strong> ? Wir haben hier die Antworten auf h\u00e4ufig gestellte Fragen zusammengestellt, damit Sie Ihren Besuch optimal vorbereiten k\u00f6nnen. Ob Sie Informationen \u00fcber die Unterk\u00fcnfte, die Einrichtungen, die Aktivit\u00e4ten oder den Service suchen, hier finden Sie alle Informationen, die Sie f\u00fcr einen ruhigen und angenehmen Aufenthalt im S\u00fcd-Finist\u00e8re ben\u00f6tigen. Wenn Sie die Antwort auf Ihre Frage nicht finden k\u00f6nnen, z\u00f6gern Sie nicht, uns direkt zu kontaktieren.   <\/p>\n<\/div>\n\n\n\n<div style=\"height:100px\" aria-hidden=\"true\" class=\"wp-block-spacer\"><\/div>\n\n\n\n<div class=\"wp-block-group alignwide has-background-background-color has-background has-global-padding is-layout-constrained wp-container-core-group-is-layout-c26561c5 wp-block-group-is-layout-constrained\" style=\"border-top-left-radius:8px;border-top-right-radius:8px;border-bottom-left-radius:8px;border-bottom-right-radius:8px;padding-top:var(--wp--preset--spacing--xs);padding-right:var(--wp--preset--spacing--xs);padding-bottom:var(--wp--preset--spacing--xs);padding-left:var(--wp--preset--spacing--xs)\">\n<div class=\"pfq\">\n  \n  \n  <nav class=\"pfq__themes\">\n    <h2>Th\u00e9matiques<\/h2>\n    <ul>\n      \n        <li class=\"pfq__theme active\" data-pfq-group=\"group-0\">\n          <a href=\"#\">Allgemeine Informationen<\/a>\n        <\/li>\n\n      \n        <li class=\"pfq__theme \" data-pfq-group=\"group-1\">\n          <a href=\"#\">Reservierungen &amp; Modalit\u00e4ten<\/a>\n        <\/li>\n\n      \n        <li class=\"pfq__theme \" data-pfq-group=\"group-2\">\n          <a href=\"#\">Dienstleistungen &amp; Einrichtungen<\/a>\n        <\/li>\n\n      \n        <li class=\"pfq__theme \" data-pfq-group=\"group-3\">\n          <a href=\"#\">Animationen &amp; Clubs<\/a>\n        <\/li>\n\n          <\/ul>\n  <\/nav>\n\n  <div class=\"pfq__questions\">\n    \n      <div class=\"pfq__questions__group visible\" data-pfq-group=\"group-0\">\n\n        <h3>Allgemeine Informationen<\/h3>\n\n        \n          <div class=\"pfq__question\"  >\n            <h4 class=\"pfq__question__title\">Wann ist der Campingplatz ge\u00f6ffnet und wann geschlossen?<\/h4>\n            <div class=\"pfq__answer\"><p>Der Campingplatz La Roche Perc\u00e9e \u00f6ffnet am 1. April und schlie\u00dft Ende September.<\/p>\n<\/div>\n          <\/div>\n\n        \n          <div class=\"pfq__question\"  >\n            <h4 class=\"pfq__question__title\">Wie sind die Ankunfts- und Abreisezeiten der Unterkunft?<\/h4>\n            <div class=\"pfq__answer\"><p>Die Ankunft auf dem Campingplatz ist in der Nebensaison nachmittags von 15.00 bis 19.00 Uhr und in der Hochsaison von 16.00 bis 20.00 Uhr m\u00f6glich (<br \/>\n). F\u00fcr die Abreise m\u00fcssen Sie sich nur am Empfang melden, wenn<br \/>\nSie bereit sind, vor 10.00 Uhr morgens abzureisen.<\/p>\n<\/div>\n          <\/div>\n\n        \n          <div class=\"pfq__question\"  >\n            <h4 class=\"pfq__question__title\">Wie weit ist der Strand entfernt?<\/h4>\n            <div class=\"pfq__answer\"><p>Der Strand von La Roche Perc\u00e9e liegt 400m vom Eingang des Campingplatzes entfernt. Wenn Sie den Campingplatz verlassen, m\u00fcssen Sie<br \/>\nnur nach rechts abbiegen und die Stra\u00dfe hinuntergehen, um den Strand zu finden.<\/p>\n<\/div>\n          <\/div>\n\n        \n          <div class=\"pfq__question\"  >\n            <h4 class=\"pfq__question__title\">Sind Besucher erlaubt?<\/h4>\n            <div class=\"pfq__answer\"><p>Besucher sind erlaubt, aber nur unter bestimmten Bedingungen. Ein Besucher ist eine Person, die<br \/>\nSie gelegentlich besucht, aber nicht auf dem Campingplatz \u00fcbernachtet. Der Besucher muss sich<br \/>\nan der Rezeption anmelden, sein Fahrzeug auf dem Au\u00dfenparkplatz abstellen und den<br \/>\nCampingplatz vor 22.00 Uhr verlassen. Sie d\u00fcrfen die Anzahl der Personen im Mobilheim nicht \u00fcberschreiten<br \/>\nhome. Besucher haben keinen Zugang zu den Swimmingpools.    <\/p>\n<\/div>\n          <\/div>\n\n        \n          <div class=\"pfq__question\"  >\n            <h4 class=\"pfq__question__title\">Was kann man in der Umgebung des Campingplatzes besichtigen?<\/h4>\n            <div class=\"pfq__answer\"><p>In der Umgebung des Campingplatzes gibt es viel zu besichtigen.<br \/>\nSie k\u00f6nnen wandern<br \/>\nauf dem GR34, der am Strand von La Roche Perc\u00e9e beginnt, nach links zum Strand von Cap Coz oder nach rechts zur Spitze von Beg Meil.<br \/>\nSie k\u00f6nnen auch ein Boot oder Segelboot nehmen, um die Inseln von<br \/>\nGl\u00e9nan, den Fluss Odet oder die Bucht von Concarneau zu erkunden. Tickets k\u00f6nnen Sie an der Rezeption des<br \/>\nCampingplatzes buchen.<br \/>\nSie k\u00f6nnen auch in den nahegelegenen St\u00e4dten wie Quimper, Concarneau, Beg<br \/>\nMeil, B\u00e9nodet, Pont Aven, La Foret Fouesnant, Le Guilvinec, Locronan und anderen spazieren gehen.  <\/p>\n<\/div>\n          <\/div>\n\n        \n          <div class=\"pfq__question\"  >\n            <h4 class=\"pfq__question__title\">Sind Haustiere erlaubt?<\/h4>\n            <div class=\"pfq__answer\"><p>Haustiere sind erlaubt, au\u00dfer Kategorie 1 und 2 und maximal 2 pro Unterkunft.<br \/>\nJe nach Dauer Ihres Aufenthalts wird eine zus\u00e4tzliche Geb\u00fchr erhoben.<\/p>\n<\/div>\n          <\/div>\n\n        \n          <div class=\"pfq__question\"  >\n            <h4 class=\"pfq__question__title\">Gibt es Einrichtungen, die f\u00fcr Menschen mit Behinderungen geeignet sind?<\/h4>\n            <div class=\"pfq__answer\"><p>Ja, wir haben eine Dusche, ein Waschbecken und ein WC, die f\u00fcr Menschen mit Behinderungen zug\u00e4nglich sind.<\/p>\n<\/div>\n          <\/div>\n\n        \n      <\/div>\n\n    \n      <div class=\"pfq__questions__group \" data-pfq-group=\"group-1\">\n\n        <h3>Reservierungen &amp; Modalit\u00e4ten<\/h3>\n\n        \n          <div class=\"pfq__question\"  >\n            <h4 class=\"pfq__question__title\">Ist es m\u00f6glich, eine Option f\u00fcr einen Aufenthalt zu setzen?<\/h4>\n            <div class=\"pfq__answer\"><p>Es ist m\u00f6glich, eine Option f\u00fcr einen Aufenthalt zu setzen, aber Sie haben 10 Tage Zeit, um Ihre Buchung<br \/>\nabzuschlie\u00dfen.<\/p>\n<\/div>\n          <\/div>\n\n        \n          <div class=\"pfq__question\"  >\n            <h4 class=\"pfq__question__title\">Wie kann ich die Verf\u00fcgbarkeit oder die Preise \u00fcberpr\u00fcfen?<\/h4>\n            <div class=\"pfq__answer\"><p>Auf der Website des Campingplatzes finden Sie alle Verf\u00fcgbarkeiten und Preise, abh\u00e4ngig von<br \/>\ndem gew\u00fcnschten Mobilheimtyp und dem Zeitraum. Sie k\u00f6nnen uns auch per<br \/>\nTelefon oder per E-Mail kontaktieren.<\/p>\n<\/div>\n          <\/div>\n\n        \n          <div class=\"pfq__question\"  >\n            <h4 class=\"pfq__question__title\">Kann man weniger als eine Woche auf Ihrem Campingplatz buchen?<\/h4>\n            <div class=\"pfq__answer\"><p>Ja, Sie k\u00f6nnen f\u00fcr weniger als eine Woche auf unserem Campingplatz in den Monaten April,<br \/>\nMai, Juni und September buchen. Es ist m\u00f6glich, nur f\u00fcr eine Nacht zu buchen.<\/p>\n<\/div>\n          <\/div>\n\n        \n          <div class=\"pfq__question\"  >\n            <h4 class=\"pfq__question__title\">Ist der Campingplatz von VACAF anerkannt?<\/h4>\n            <div class=\"pfq__answer\"><p>Ja, wir sind VACAF-zertifiziert, Sie m\u00fcssen einen Kostenvoranschlag vom Campingplatz anfordern.<\/p>\n<\/div>\n          <\/div>\n\n        \n          <div class=\"pfq__question\"  >\n            <h4 class=\"pfq__question__title\">Werden ANCV-Ferienschecks akzeptiert?<\/h4>\n            <div class=\"pfq__answer\"><p>Ja, es ist m\u00f6glich, einen Teil Ihres Aufenthalts mit Ihren Urlaubsschecks zu bezahlen. Wir haben unter<br \/>\nauch die M\u00f6glichkeit von Econnect.<\/p>\n<\/div>\n          <\/div>\n\n        \n          <div class=\"pfq__question\"  >\n            <h4 class=\"pfq__question__title\">Welche Zahlungsarten gibt es?<\/h4>\n            <div class=\"pfq__answer\"><p>Um Ihren Aufenthalt zu bezahlen, k\u00f6nnen Sie per Kreditkarte, \u00dcberweisung, Scheck, \u00fcber einen sicheren Zahlungslink<br \/>\noder mit ANCV-Ferienschecks bezahlen.<\/p>\n<\/div>\n          <\/div>\n\n        \n          <div class=\"pfq__question\"  >\n            <h4 class=\"pfq__question__title\">Ist es m\u00f6glich, in Raten zu zahlen?<\/h4>\n            <div class=\"pfq__answer\"><p>Ja.<\/p>\n<\/div>\n          <\/div>\n\n        \n          <div class=\"pfq__question\"  >\n            <h4 class=\"pfq__question__title\">Wann m\u00fcssen wir den Restbetrag unserer Buchung bezahlen?<\/h4>\n            <div class=\"pfq__answer\"><p>Der Restbetrag muss 1 Monat vor Ihrer Ankunft auf dem Campingplatz bezahlt werden. Hierzu werden wir Sie per E-Mail an<br \/>\nerinnern und Ihnen den noch zu zahlenden Gesamtbetrag mitteilen.<\/p>\n<\/div>\n          <\/div>\n\n        \n          <div class=\"pfq__question\"  >\n            <h4 class=\"pfq__question__title\">Bieten Sie eine Reiser\u00fccktrittsversicherung an?<\/h4>\n            <div class=\"pfq__answer\"><p>Ja, die Allgemeinen Gesch\u00e4ftsbedingungen f\u00fcr die Reiser\u00fccktrittsversicherung finden Sie auf der Homepage<br \/>\n.<br \/>\nDer Preis h\u00e4ngt von der Reisezeit und der Dauer des Aufenthalts ab.<\/p>\n<\/div>\n          <\/div>\n\n        \n          <div class=\"pfq__question\"  >\n            <h4 class=\"pfq__question__title\">M\u00fcssen Sie eine Kaution hinterlegen? Wie soll er eingestellt werden?<\/h4>\n            <div class=\"pfq__answer\"><p>Bei Ihrer Ankunft auf dem Campingplatz ist eine Kaution an der Rezeption zu hinterlegen. Diese wird am Ende<br \/>\ndes Aufenthalts nach dem Check-out storniert. Sie k\u00f6nnen Ihre Kaution per Scheck oder per Bankkarte<br \/>\nbezahlen.<\/p>\n<\/div>\n          <\/div>\n\n        \n      <\/div>\n\n    \n      <div class=\"pfq__questions__group \" data-pfq-group=\"group-2\">\n\n        <h3>Dienstleistungen &amp; Einrichtungen<\/h3>\n\n        \n          <div class=\"pfq__question\"  >\n            <h4 class=\"pfq__question__title\">Wird Bettw\u00e4sche gestellt?<\/h4>\n            <div class=\"pfq__answer\"><p>Wir stellen Ihnen Kopfkissen und Bettdecken zur Verf\u00fcgung, Bettw\u00e4sche, Geschirrt\u00fccher und<br \/>\nDuscht\u00fccher m\u00fcssen Sie selbst mitbringen.<br \/>\nF\u00fcr Personen, die ihre Bettw\u00e4sche nicht selbst mitbringen, bieten wir unter<br \/>\nEinweg-Bettw\u00e4sche-Sets f\u00fcr 10EUR\/ Einzelbett und 13EUR\/ Doppelbett an. Wir vermieten auch Handt\u00fccher<br \/>\n.<\/p>\n<\/div>\n          <\/div>\n\n        \n          <div class=\"pfq__question\"  >\n            <h4 class=\"pfq__question__title\">Kann man Babybetten und -st\u00fchle mieten?<\/h4>\n            <div class=\"pfq__answer\"><p>Wir haben die M\u00f6glichkeit, Ihnen Babyausstattung zu leihen, wie z.B. ein Kinderbett<br \/>\n(f\u00fcr mehr Komfort bringen Sie bitte eine Unterlage mit) und einen Hochstuhl.<br \/>\nBitte fragen Sie bei Ihrer Buchung nach, ob wir einen Hochstuhl zur Verf\u00fcgung haben.<\/p>\n<\/div>\n          <\/div>\n\n        \n          <div class=\"pfq__question\"  >\n            <h4 class=\"pfq__question__title\">Bieten Sie einen Internetzugang an?<\/h4>\n            <div class=\"pfq__answer\"><p>In den \u00f6ffentlichen Bereichen des Campingplatzes, wie der Bar oder der Rezeption, ist Wifi verf\u00fcgbar und<br \/>\nkostenlos. Wenn Sie Wifi in Ihrem Mobilheim haben m\u00f6chten, wird das Wifi kostenpflichtig (Preis<br \/>\nunterschiedlich je nach gew\u00e4hltem Paket).<\/p>\n<\/div>\n          <\/div>\n\n        \n          <div class=\"pfq__question\"  >\n            <h4 class=\"pfq__question__title\">Ist es m\u00f6glich, eine Reinigungspauschale zu buchen?<\/h4>\n            <div class=\"pfq__answer\"><p>Ja, es gibt eine zus\u00e4tzliche Reinigungspauschale, der Preis variiert je nach Gr\u00f6\u00dfe Ihres Mobilheims<br \/>\nhome.<br \/>\n-Pauschale f\u00fcr 1 Schlafzimmer: 60EUR<br \/>\n-Pauschale f\u00fcr 2 Schlafzimmer: 70EUR<br \/>\n-Pauschale f\u00fcr 3 Schlafzimmer: 80 EUR<br \/>\n-Pauschale f\u00fcr 3 Schlafzimmer 2 Badezimmer: 90 EUR<\/p>\n<\/div>\n          <\/div>\n\n        \n          <div class=\"pfq__question\"  >\n            <h4 class=\"pfq__question__title\">Gibt es eine W\u00e4scherei?<\/h4>\n            <div class=\"pfq__answer\"><p>Wir verf\u00fcgen \u00fcber einen Waschsalon mit Waschmaschinen und Trocknern. Wenn Sie<br \/>\nnutzen m\u00f6chten, kommen Sie einfach zur Rezeption und kaufen Sie eine M\u00fcnze (5EUR f\u00fcr das Waschen,<br \/>\n3EUR f\u00fcr das Trocknen).<\/p>\n<\/div>\n          <\/div>\n\n        \n          <div class=\"pfq__question\"  >\n            <h4 class=\"pfq__question__title\">Kann man Fahrr\u00e4der mieten?<\/h4>\n            <div class=\"pfq__answer\"><p>Ja, wir bieten unseren G\u00e4sten Fahrr\u00e4der f\u00fcr Erwachsene und Kinder, Elektro- und Stadtfahrr\u00e4der zum Mieten an.<br \/>\n-2 Stunden 5EUR f\u00fcr das Stadtfahrrad und 10EUR f\u00fcr das Elektrofahrrad<br \/>\n-1\/2 Tag 9EUR f\u00fcr das Stadtfahrrad und 16EUR f\u00fcr das Elektrofahrrad<br \/>\n-1 Tag 12EUR f\u00fcr das Stadtfahrrad und 25EUR f\u00fcr das Elektrofahrrad<br \/>\n-1 Woche 55EUR f\u00fcr das Stadtfahrrad und 90EUR f\u00fcr das Elektrofahrrad<br \/>\nSie k\u00f6nnen auch Paddel und Kajaks mieten (15 EUR pro 2 Stunden).<\/p>\n<\/div>\n          <\/div>\n\n        \n          <div class=\"pfq__question\"  >\n            <h4 class=\"pfq__question__title\">Welche Freizeiteinrichtungen gibt es auf dem Campingplatz?<\/h4>\n            <div class=\"pfq__answer\"><p>Auf unserem Campingplatz stehen Ihnen verschiedene Einrichtungen zur Verf\u00fcgung. Es gibt einen<br \/>\nInnenpool und einen Au\u00dfenpool mit einer Wasserrutsche, einen Spielbereich f\u00fcr Kinder und<br \/>\nH\u00fcpfburgen, einen City-Sportplatz, einen Bouleplatz mit einigen<br \/>\nFitnessger\u00e4ten und Tischtennisplatten. Wir bieten auch einen Billardtisch, Tischfu\u00dfball und<br \/>\neine Dartscheibe in der Bar des Campingplatzes. (kostenpflichtig)<\/p>\n<\/div>\n          <\/div>\n\n        \n          <div class=\"pfq__question\"  >\n            <h4 class=\"pfq__question__title\">Sind Grills erlaubt?<\/h4>\n            <div class=\"pfq__answer\"><p>Wir k\u00f6nnen Ihnen Grills zur Verf\u00fcgung stellen, die Sie an der<br \/>\nRezeption abholen k\u00f6nnen. Bevor Sie ihn zur\u00fcckbringen, denken Sie daran, den Rost zu reinigen und die Asche zu entsorgen, wenn sie<br \/>\nkalt ist.<\/p>\n<\/div>\n          <\/div>\n\n        \n          <div class=\"pfq__question\"  >\n            <h4 class=\"pfq__question__title\">Ist der Pool beheizt?<\/h4>\n            <div class=\"pfq__answer\"><p>Beide Swimmingpools sind beheizt. Das Hallenbad ist ab dem ersten April in Betrieb und der<br \/>\nAu\u00dfenpool \u00f6ffnet je nach Wetterlage.<\/p>\n<\/div>\n          <\/div>\n\n        \n          <div class=\"pfq__question\"  >\n            <h4 class=\"pfq__question__title\">Sind Badeshorts erlaubt?<\/h4>\n            <div class=\"pfq__answer\"><p>Nein, Badeshorts sind im Pool strengstens verboten.<\/p>\n<\/div>\n          <\/div>\n\n        \n          <div class=\"pfq__question\"  >\n            <h4 class=\"pfq__question__title\">Haben Sie eine Brotverkaufsstelle?<\/h4>\n            <div class=\"pfq__answer\"><p>Sie k\u00f6nnen Brot und Geb\u00e4ck bis 18.30 Uhr an der Rezeption<br \/>\nbestellen, um es am n\u00e4chsten Morgen ab 8.00 Uhr abzuholen.<\/p>\n<\/div>\n          <\/div>\n\n        \n          <div class=\"pfq__question\"  >\n            <h4 class=\"pfq__question__title\">Gibt es einen Lebensmittelladen auf dem Campingplatz?<\/h4>\n            <div class=\"pfq__answer\"><p>Im Empfangsbereich haben wir einen Lebensmittelladen, in dem wir Produkte des t\u00e4glichen Bedarfs verkaufen<br \/>\n.<\/p>\n<\/div>\n          <\/div>\n\n        \n          <div class=\"pfq__question\"  >\n            <h4 class=\"pfq__question__title\">Gibt es Geschirrsp\u00fcler in den Mobilheimen?<\/h4>\n            <div class=\"pfq__answer\"><p>Die Mobilheime verf\u00fcgen nicht \u00fcber Geschirrsp\u00fcler, nur das gr\u00f6\u00dfte Mobilheim auf dem Campingplatz<br \/>\nverf\u00fcgt \u00fcber einen Geschirrsp\u00fcler (Mobilheim mit 3 Schlafzimmern und 2 Badezimmern).<\/p>\n<\/div>\n          <\/div>\n\n        \n          <div class=\"pfq__question\"  >\n            <h4 class=\"pfq__question__title\">Gibt es auf dem Campingplatz ein Restaurant?<\/h4>\n            <div class=\"pfq__answer\"><p>Es gibt kein Restaurant auf dem Campingplatz, aber wir arbeiten mit Food Trucks.<br \/>\nSie sind w\u00e4hrend der Schulferien im Sommer oder an manchen langen Wochenenden auf dem Campingplatz anwesend, je nach Auslastung des Campingplatzes.<br \/>\nSie bieten den Touristen verschiedene Gerichte an, die f\u00fcr bestimmte Regionen oder L\u00e4nder typisch sind, wie<br \/>\nBurger, Pommes frites, Muscheln&#8230;.<\/p>\n<\/div>\n          <\/div>\n\n        \n      <\/div>\n\n    \n      <div class=\"pfq__questions__group \" data-pfq-group=\"group-3\">\n\n        <h3>Animationen &amp; Clubs<\/h3>\n\n        \n          <div class=\"pfq__question\"  >\n            <h4 class=\"pfq__question__title\">Bieten Sie Animationen oder Aktivit\u00e4ten auf dem Campingplatz an?<\/h4>\n            <div class=\"pfq__answer\"><p>W\u00e4hrend der Schulferienwochen im Sommer und der bretonischen Ferien<br \/>\nin der Nebensaison organisieren wir mit Hilfe unserer Animateure verschiedene Aktivit\u00e4ten und Animationen.<\/p>\n<\/div>\n          <\/div>\n\n        \n          <div class=\"pfq__question\"  >\n            <h4 class=\"pfq__question__title\">Bieten Sie Abendaktivit\u00e4ten an?<\/h4>\n            <div class=\"pfq__answer\"><p>W\u00e4hrend der Schulferien<br \/>\nim Sommer und der bretonischen Ferien in der Nebensaison organisieren wir auch Abendveranstaltungen f\u00fcr jedes Publikum.<\/p>\n<\/div>\n          <\/div>\n\n        \n          <div class=\"pfq__question\"  >\n            <h4 class=\"pfq__question__title\">Gibt es Jugend- und Kinderclubs? Sind diese kostenpflichtig? <\/h4>\n            <div class=\"pfq__answer\"><p>Auf unserem Campingplatz gibt es zwei Clubs: den Kinderclub (von 4 bis 12 Jahren) und den Teenagerclub (ab 12<br \/>\n), nur w\u00e4hrend der Schulferien.<\/p>\n<\/div>\n          <\/div>\n\n        \n          <div class=\"pfq__question\"  >\n            <h4 class=\"pfq__question__title\">Muss man reservieren, um an den Animationen teilzunehmen?<\/h4>\n            <div class=\"pfq__answer\"><p>F\u00fcr einige Aktivit\u00e4ten ist es besser, wenn Sie sich an der Rezeption anmelden, damit wir<br \/>\ndie Fahrten au\u00dferhalb des Campingplatzes organisieren k\u00f6nnen.<\/p>\n<\/div>\n          <\/div>\n\n        \n      <\/div>\n\n    \n  <\/div>\n<\/div>\n<\/div>\n<\/div>\n<\/div><\/div>\n<\/div>\n","protected":false},"excerpt":{"rendered":"","protected":false},"author":1,"featured_media":0,"parent":0,"menu_order":55,"comment_status":"closed","ping_status":"closed","template":"page-full-width","meta":{"_acf_changed":false,"_seopress_robots_primary_cat":"","_seopress_titles_title":"FAQ Camping Fouesnant | H\u00e4ufig gestellte Fragen \u00fcber den Camping La Roche Perc\u00e9e","_seopress_titles_desc":"Lesen Sie unsere FAQ mit allen wichtigen Informationen zur Vorbereitung Ihres Aufenthalts auf dem Campingplatz La Roche Perc\u00e9e in Fouesnant im s\u00fcdlichen Finist\u00e8re (29).","_seopress_robots_index":"","footnotes":""},"class_list":["post-2137","page","type-page","status-publish","hentry"],"acf":[],"_links":{"self":[{"href":"https:\/\/www.camping-larochepercee.com\/de\/wp-json\/wp\/v2\/pages\/2137","targetHints":{"allow":["GET"]}}],"collection":[{"href":"https:\/\/www.camping-larochepercee.com\/de\/wp-json\/wp\/v2\/pages"}],"about":[{"href":"https:\/\/www.camping-larochepercee.com\/de\/wp-json\/wp\/v2\/types\/page"}],"author":[{"embeddable":true,"href":"https:\/\/www.camping-larochepercee.com\/de\/wp-json\/wp\/v2\/users\/1"}],"replies":[{"embeddable":true,"href":"https:\/\/www.camping-larochepercee.com\/de\/wp-json\/wp\/v2\/comments?post=2137"}],"version-history":[{"count":2,"href":"https:\/\/www.camping-larochepercee.com\/de\/wp-json\/wp\/v2\/pages\/2137\/revisions"}],"predecessor-version":[{"id":3428,"href":"https:\/\/www.camping-larochepercee.com\/de\/wp-json\/wp\/v2\/pages\/2137\/revisions\/3428"}],"wp:attachment":[{"href":"https:\/\/www.camping-larochepercee.com\/de\/wp-json\/wp\/v2\/media?parent=2137"}],"curies":[{"name":"wp","href":"https:\/\/api.w.org\/{rel}","templated":true}]}}