{"id":2172,"date":"2025-11-19T14:11:32","date_gmt":"2025-11-19T13:11:32","guid":{"rendered":"https:\/\/www.camping-larochepercee.com\/der-campingplatz\/video-galerie\/"},"modified":"2025-12-15T17:32:49","modified_gmt":"2025-12-15T16:32:49","slug":"video-galerie","status":"publish","type":"page","link":"https:\/\/www.camping-larochepercee.com\/de\/der-campingplatz\/video-galerie\/","title":{"rendered":"Video-Galerie"},"content":{"rendered":"\n<div class=\"wp-block-cover alignfull\"><img alt=\"\" decoding=\"async\" width=\"1024\" height=\"768\" class=\"wp-block-cover__image-background wp-image-176 size-large\" alt=\"\" src=\"https:\/\/www.camping-larochepercee.com\/wp-content\/uploads\/2025\/11\/ROCHE-PERCEE-2025-ESE-30-1024x768.webp\" data-object-fit=\"cover\" srcset=\"https:\/\/www.camping-larochepercee.com\/wp-content\/uploads\/2025\/11\/ROCHE-PERCEE-2025-ESE-30-1024x768.webp 1024w, https:\/\/www.camping-larochepercee.com\/wp-content\/uploads\/2025\/11\/ROCHE-PERCEE-2025-ESE-30-300x225.webp 300w, https:\/\/www.camping-larochepercee.com\/wp-content\/uploads\/2025\/11\/ROCHE-PERCEE-2025-ESE-30-768x576.webp 768w, https:\/\/www.camping-larochepercee.com\/wp-content\/uploads\/2025\/11\/ROCHE-PERCEE-2025-ESE-30-93x70.webp 93w, https:\/\/www.camping-larochepercee.com\/wp-content\/uploads\/2025\/11\/ROCHE-PERCEE-2025-ESE-30-1440x1080.webp 1440w, https:\/\/www.camping-larochepercee.com\/wp-content\/uploads\/2025\/11\/ROCHE-PERCEE-2025-ESE-30-720x540.webp 720w, https:\/\/www.camping-larochepercee.com\/wp-content\/uploads\/2025\/11\/ROCHE-PERCEE-2025-ESE-30-320x240.webp 320w, https:\/\/www.camping-larochepercee.com\/wp-content\/uploads\/2025\/11\/ROCHE-PERCEE-2025-ESE-30-160x120.webp 160w\" sizes=\"(max-width: 1024px) 100vw, 1024px\" \/><span aria-hidden=\"true\" class=\"wp-block-cover__background has-background-dim-100 has-background-dim wp-block-cover__gradient-background has-background-gradient has-hero-gradient-gradient-background\"><\/span><div class=\"wp-block-cover__inner-container is-layout-flow wp-block-cover-is-layout-flow\">\n<div class=\"wp-block-group alignfull hero-lab has-global-padding is-layout-constrained wp-container-core-group-is-layout-52358bef wp-block-group-is-layout-constrained\" style=\"padding-top:var(--wp--preset--spacing--xxxxxxl);padding-right:var(--wp--preset--spacing--xs);padding-bottom:var(--wp--preset--spacing--xxxxxxl);padding-left:var(--wp--preset--spacing--xs)\">\n<h1 class=\"wp-block-heading has-text-align-center is-style-default has-secondary-font-family has-xl-font-size\" style=\"text-transform:uppercase\">Video des Campingplatzes Roche Perc\u00e9e in Beg Meil<\/h1>\n\n\n\n<p class=\"has-text-align-center has-secondary-color has-text-color has-link-color has-secondary-font-family has-m-font-size wp-elements-e868a933ce57fe9e2f01eb1ad412ea1b\" style=\"font-style:normal;font-weight:400\">Tauchen Sie mit unseren Videos in die Welt des Campings ein.<\/p>\n<\/div>\n<\/div><\/div>\n\n<div class=\"wp-block-group alignfull has-background is-layout-flow wp-block-group-is-layout-flow\" style=\"background:linear-gradient(135deg,rgb(224,204,152) 0%,rgb(56,102,139) 30%,rgb(26,40,55) 100%);padding-top:0;padding-right:0;padding-bottom:0;padding-left:0\">\n<div class=\"wp-block-cover is-style-background-contain banner-beach\" style=\"padding-top:var(--wp--preset--spacing--xl);padding-right:0;padding-bottom:var(--wp--preset--spacing--xl);padding-left:0\"><img alt=\"\" decoding=\"async\" width=\"2560\" height=\"1440\" class=\"wp-block-cover__image-background wp-image-166 size-16\/9_2560x1440_desktop\" alt=\"\" src=\"https:\/\/www.camping-larochepercee.com\/wp-content\/uploads\/2025\/11\/mer-1-2560x1440.webp\" style=\"object-position:50% 0%\" data-object-fit=\"cover\" data-object-position=\"50% 0%\" srcset=\"https:\/\/www.camping-larochepercee.com\/wp-content\/uploads\/2025\/11\/mer-1-2560x1440.webp 2560w, https:\/\/www.camping-larochepercee.com\/wp-content\/uploads\/2025\/11\/mer-1-123x70.webp 123w, https:\/\/www.camping-larochepercee.com\/wp-content\/uploads\/2025\/11\/mer-1-1920x1080.webp 1920w, https:\/\/www.camping-larochepercee.com\/wp-content\/uploads\/2025\/11\/mer-1-1440x810.webp 1440w, https:\/\/www.camping-larochepercee.com\/wp-content\/uploads\/2025\/11\/mer-1-1366x768.webp 1366w, https:\/\/www.camping-larochepercee.com\/wp-content\/uploads\/2025\/11\/mer-1-1024x576.webp 1024w, https:\/\/www.camping-larochepercee.com\/wp-content\/uploads\/2025\/11\/mer-1-800x450.webp 800w, https:\/\/www.camping-larochepercee.com\/wp-content\/uploads\/2025\/11\/mer-1-640x360.webp 640w, https:\/\/www.camping-larochepercee.com\/wp-content\/uploads\/2025\/11\/mer-1-375x210.webp 375w, https:\/\/www.camping-larochepercee.com\/wp-content\/uploads\/2025\/11\/mer-1-200x112.webp 200w, https:\/\/www.camping-larochepercee.com\/wp-content\/uploads\/2025\/11\/mer-1-100x56.webp 100w\" sizes=\"(max-width: 2560px) 100vw, 2560px\" \/><span aria-hidden=\"true\" class=\"wp-block-cover__background has-background-dim-100 has-background-dim wp-block-cover__gradient-background has-background-gradient\" style=\"background:linear-gradient(180deg,rgb(56,102,139) 0%,rgba(56,102,140,0.56) 16%,rgba(56,102,140,0) 51%,rgba(155,81,224,0) 100%)\"><\/span><div class=\"wp-block-cover__inner-container has-global-padding is-layout-constrained wp-container-core-cover-is-layout-44530be2 wp-block-cover-is-layout-constrained\"><div style=\"font-style:normal;font-weight:400; padding-left:var(--wp--preset--spacing--s);padding-top:var(--wp--preset--spacing--s);padding-bottom:var(--wp--preset--spacing--s);\" class=\"alignfull wp-elements-8de7e3f36acd8ecc9749c9a921d6bd93 wp-block-wpseopress-breadcrumbs has-text-color has-secondary-color\"><nav  aria-label=\"breadcrumb\"><ol class=\"breadcrumb\" itemscope itemtype=\"https:\/\/schema.org\/BreadcrumbList\"><li class=\"breadcrumb-item active\" aria-current=\"page\" itemprop=\"itemListElement\" itemscope itemtype=\"https:\/\/schema.org\/ListItem\"><span itemprop=\"name\">Camping \u00e0 Fouesnant<\/span><meta itemprop=\"position\" content=\"1\"><\/li><\/ol><\/nav><\/div>\n\n\n<div class=\"wp-block-group alignfull has-global-padding is-layout-constrained wp-block-group-is-layout-constrained\">\n<div style=\"height:100px\" aria-hidden=\"true\" class=\"wp-block-spacer\"><\/div>\n\n\n\n<div class=\"wp-block-group has-global-padding is-content-justification-left is-layout-constrained wp-container-core-group-is-layout-417067bb wp-block-group-is-layout-constrained\" style=\"padding-top:0;padding-right:0;padding-bottom:0;padding-left:0\">\n<p class=\"has-text-align-center fade\">Willkommen in der Videogalerie des Campingplatzes La Roche Perc\u00e9e. Hier finden Sie eine Auswahl an Videos, die Ihnen einen Einblick in unseren Campingplatz, seine Aktivit\u00e4ten, seine nat\u00fcrliche Umgebung und vieles mehr geben. Lassen Sie sich von den Bildern mitrei\u00dfen und bereiten Sie sich darauf vor, unvergessliche Momente mit uns zu erleben!  <\/p>\n<\/div>\n\n\n\n<div style=\"height:100px\" aria-hidden=\"true\" class=\"wp-block-spacer\"><\/div>\n\n\n\n<figure class=\"wp-block-embed is-type-video is-provider-youtube wp-block-embed-youtube wp-embed-aspect-16-9 wp-has-aspect-ratio\"><div class=\"wp-block-embed__wrapper\">\n<iframe title=\"Riviera bretonne\" width=\"500\" height=\"281\" src=\"https:\/\/www.youtube.com\/embed\/x7YwkK644Xc?feature=oembed\" frameborder=\"0\" allow=\"accelerometer; autoplay; clipboard-write; encrypted-media; gyroscope; picture-in-picture; web-share\" referrerpolicy=\"strict-origin-when-cross-origin\" allowfullscreen><\/iframe>\n<\/div><\/figure>\n<\/div>\n<\/div><\/div>\n<\/div>\n","protected":false},"excerpt":{"rendered":"","protected":false},"author":1,"featured_media":0,"parent":1977,"menu_order":62,"comment_status":"closed","ping_status":"closed","template":"page-full-width","meta":{"_acf_changed":false,"_seopress_robots_primary_cat":"","_seopress_titles_title":"Videogalerie des Campingplatzes La Roche Perc\u00e9e in Fouesnant im s\u00fcdlichen Finist\u00e8re (29)","_seopress_titles_desc":"M\u00f6chten Sie sich einen Eindruck verschaffen? Schauen Sie sich unsere Videos vom Campingplatz La Roche Perc\u00e9e in Fouesnant an: Schwimmbad, Mobilheime, Service und Atmosph\u00e4re in der s\u00fcdlichen Bretagne. ","_seopress_robots_index":"","footnotes":""},"class_list":["post-2172","page","type-page","status-publish","hentry"],"acf":[],"_links":{"self":[{"href":"https:\/\/www.camping-larochepercee.com\/de\/wp-json\/wp\/v2\/pages\/2172","targetHints":{"allow":["GET"]}}],"collection":[{"href":"https:\/\/www.camping-larochepercee.com\/de\/wp-json\/wp\/v2\/pages"}],"about":[{"href":"https:\/\/www.camping-larochepercee.com\/de\/wp-json\/wp\/v2\/types\/page"}],"author":[{"embeddable":true,"href":"https:\/\/www.camping-larochepercee.com\/de\/wp-json\/wp\/v2\/users\/1"}],"replies":[{"embeddable":true,"href":"https:\/\/www.camping-larochepercee.com\/de\/wp-json\/wp\/v2\/comments?post=2172"}],"version-history":[{"count":1,"href":"https:\/\/www.camping-larochepercee.com\/de\/wp-json\/wp\/v2\/pages\/2172\/revisions"}],"predecessor-version":[{"id":2173,"href":"https:\/\/www.camping-larochepercee.com\/de\/wp-json\/wp\/v2\/pages\/2172\/revisions\/2173"}],"up":[{"embeddable":true,"href":"https:\/\/www.camping-larochepercee.com\/de\/wp-json\/wp\/v2\/pages\/1977"}],"wp:attachment":[{"href":"https:\/\/www.camping-larochepercee.com\/de\/wp-json\/wp\/v2\/media?parent=2172"}],"curies":[{"name":"wp","href":"https:\/\/api.w.org\/{rel}","templated":true}]}}