{"id":2182,"date":"2025-11-19T14:11:43","date_gmt":"2025-11-19T13:11:43","guid":{"rendered":"https:\/\/www.camping-larochepercee.com\/terms-of-use\/"},"modified":"2026-02-24T20:52:13","modified_gmt":"2026-02-24T19:52:13","slug":"terms-of-use","status":"publish","type":"page","link":"https:\/\/www.camping-larochepercee.com\/en\/terms-of-use\/","title":{"rendered":"Terms of use"},"content":{"rendered":"\n<div class=\"wp-block-cover alignfull\"><img alt=\"Camping 4 \u00e9toiles La Roche Perc\u00e9e \u00e0 Fouesnant.\" decoding=\"async\" width=\"1024\" height=\"768\" class=\"wp-block-cover__image-background wp-image-169 size-large\" alt=\"\" src=\"https:\/\/www.camping-larochepercee.com\/wp-content\/uploads\/2025\/11\/ROCHE-PERCEE-2025-ESE-14-1024x768.webp\" data-object-fit=\"cover\" srcset=\"https:\/\/www.camping-larochepercee.com\/wp-content\/uploads\/2025\/11\/ROCHE-PERCEE-2025-ESE-14-1024x768.webp 1024w, https:\/\/www.camping-larochepercee.com\/wp-content\/uploads\/2025\/11\/ROCHE-PERCEE-2025-ESE-14-300x225.webp 300w, https:\/\/www.camping-larochepercee.com\/wp-content\/uploads\/2025\/11\/ROCHE-PERCEE-2025-ESE-14-768x576.webp 768w, https:\/\/www.camping-larochepercee.com\/wp-content\/uploads\/2025\/11\/ROCHE-PERCEE-2025-ESE-14-93x70.webp 93w\" sizes=\"(max-width: 1024px) 100vw, 1024px\" \/><span aria-hidden=\"true\" class=\"wp-block-cover__background has-background-dim-100 has-background-dim wp-block-cover__gradient-background has-background-gradient has-hero-gradient-gradient-background\"><\/span><div class=\"wp-block-cover__inner-container is-layout-flow wp-block-cover-is-layout-flow\">\n<div class=\"wp-block-group alignfull hero-lab has-global-padding is-layout-constrained wp-container-core-group-is-layout-52358bef wp-block-group-is-layout-constrained\" style=\"padding-top:var(--wp--preset--spacing--xxxxxxl);padding-right:var(--wp--preset--spacing--xs);padding-bottom:var(--wp--preset--spacing--xxxxxxl);padding-left:var(--wp--preset--spacing--xs)\">\n<h1 class=\"wp-block-heading has-text-align-center is-style-default has-secondary-font-family has-xl-font-size\" style=\"text-transform:uppercase\">Terms of use<\/h1>\n<\/div>\n<\/div><\/div>\n\n<div class=\"wp-block-group alignfull has-background is-layout-flow wp-block-group-is-layout-flow\" style=\"background:linear-gradient(135deg,rgb(224,204,152) 0%,rgb(56,102,139) 30%,rgb(26,40,55) 100%);padding-top:0;padding-right:0;padding-bottom:0;padding-left:0\">\n<div class=\"wp-block-cover is-style-background-contain banner-beach\" style=\"padding-top:var(--wp--preset--spacing--xl);padding-right:0;padding-bottom:var(--wp--preset--spacing--xl);padding-left:0\"><img alt=\"\" decoding=\"async\" width=\"2560\" height=\"1440\" class=\"wp-block-cover__image-background wp-image-166 size-16\/9_2560x1440_desktop\" alt=\"\" src=\"https:\/\/www.camping-larochepercee.com\/wp-content\/uploads\/2025\/11\/mer-1-2560x1440.webp\" style=\"object-position:50% 0%\" data-object-fit=\"cover\" data-object-position=\"50% 0%\" srcset=\"https:\/\/www.camping-larochepercee.com\/wp-content\/uploads\/2025\/11\/mer-1-2560x1440.webp 2560w, https:\/\/www.camping-larochepercee.com\/wp-content\/uploads\/2025\/11\/mer-1-123x70.webp 123w, https:\/\/www.camping-larochepercee.com\/wp-content\/uploads\/2025\/11\/mer-1-1920x1080.webp 1920w, https:\/\/www.camping-larochepercee.com\/wp-content\/uploads\/2025\/11\/mer-1-1440x810.webp 1440w, https:\/\/www.camping-larochepercee.com\/wp-content\/uploads\/2025\/11\/mer-1-1366x768.webp 1366w, https:\/\/www.camping-larochepercee.com\/wp-content\/uploads\/2025\/11\/mer-1-1024x576.webp 1024w, https:\/\/www.camping-larochepercee.com\/wp-content\/uploads\/2025\/11\/mer-1-800x450.webp 800w, https:\/\/www.camping-larochepercee.com\/wp-content\/uploads\/2025\/11\/mer-1-640x360.webp 640w, https:\/\/www.camping-larochepercee.com\/wp-content\/uploads\/2025\/11\/mer-1-375x210.webp 375w, https:\/\/www.camping-larochepercee.com\/wp-content\/uploads\/2025\/11\/mer-1-200x112.webp 200w, https:\/\/www.camping-larochepercee.com\/wp-content\/uploads\/2025\/11\/mer-1-100x56.webp 100w\" sizes=\"(max-width: 2560px) 100vw, 2560px\" \/><span aria-hidden=\"true\" class=\"wp-block-cover__background has-background-dim-100 has-background-dim wp-block-cover__gradient-background has-background-gradient\" style=\"background:linear-gradient(180deg,rgb(56,102,139) 0%,rgba(56,102,140,0.56) 16%,rgba(56,102,140,0) 51%,rgba(155,81,224,0) 100%)\"><\/span><div class=\"wp-block-cover__inner-container has-global-padding is-layout-constrained wp-container-core-cover-is-layout-44530be2 wp-block-cover-is-layout-constrained\"><div style=\"font-style:normal;font-weight:400; padding-left:var(--wp--preset--spacing--s);padding-top:var(--wp--preset--spacing--s);padding-bottom:var(--wp--preset--spacing--s);\" class=\"alignfull wp-elements-8de7e3f36acd8ecc9749c9a921d6bd93 wp-block-wpseopress-breadcrumbs has-text-color has-secondary-color\"><nav  aria-label=\"breadcrumb\"><ol class=\"breadcrumb\" itemscope itemtype=\"https:\/\/schema.org\/BreadcrumbList\"><li class=\"breadcrumb-item active\" aria-current=\"page\" itemprop=\"itemListElement\" itemscope itemtype=\"https:\/\/schema.org\/ListItem\"><span itemprop=\"name\">Camping in Fouesnant<\/span><meta itemprop=\"position\" content=\"1\"><\/li><\/ol><\/nav><\/div>\n\n\n<div class=\"wp-block-group alignfull has-global-padding is-layout-constrained wp-block-group-is-layout-constrained\">\n<div style=\"height:100px\" aria-hidden=\"true\" class=\"wp-block-spacer\"><\/div>\n\n\n\n<div class=\"wp-block-group has-global-padding is-content-justification-left is-layout-constrained wp-container-core-group-is-layout-417067bb wp-block-group-is-layout-constrained\" style=\"padding-top:0;padding-right:0;padding-bottom:0;padding-left:0\">\n<h2 class=\"wp-block-heading has-text-align-left fade\"><strong>IDENTITY<\/strong><\/h2>\n\n\n\n<p>Website name: Camping la Roche Perc\u00e9e<br\/>Address: https:\/\/www.camping-larochepercee.com\/<br\/>Owner: <strong>J\u00e9rome PAQUERIAUD<\/strong> <br\/>Publication manager: Camping la Roche Perc\u00e9e<br\/>Design and production: <a href=\"https:\/\/www.horizon-marketing.com\/\" target=\"_blank\" rel=\"noreferrer noopener nofollow\">Horizon marketing<\/a><br\/>Animation: <strong>Camping la Roche Perc\u00e9e<\/strong> <br\/>H\u00e9bergement : <strong><a href=\"https:\/\/www.infomaniak.com\/fr\" target=\"_blank\" rel=\"noreferrer noopener nofollow\">Infomaniak<\/a><\/strong><\/p>\n\n\n\n<h2 class=\"wp-block-heading\"><strong>LEGAL ENTITY<\/strong><\/h2>\n\n\n\n<p>S.A.S <strong>au capital de 7.500 euros &#8211; 478 578 628 R.C.S. Quimper &#8211; <\/strong>Beg Meil &#8211; 30 Hent Kerveltrec 29170 Fouesnant <strong>&#8211; 02 98 94 15 &#8211; contact@camping-larochepercee.com<\/strong><\/p>\n\n\n\n<h2 class=\"wp-block-heading\"><strong>CONDITIONS OF USE<\/strong><\/h2>\n\n\n\n<p>Use of this site implies full acceptance of the general conditions of use described below. These conditions of use may be modified or supplemented at any time. <\/p>\n\n\n\n<h2 class=\"wp-block-heading\"><strong>INFORMATION<\/strong><\/h2>\n\n\n\n<p>The information and documents on this site are presented for information purposes only, are not exhaustive and do not engage the responsibility of the site owner.<\/p>\n\n\n\n<p>The site owner cannot be held responsible for direct or indirect damage resulting from access to the site.<\/p>\n\n\n\n<h2 class=\"wp-block-heading\"><strong>INTERACTIVITY<\/strong><\/h2>\n\n\n\n<p>Site users may submit content, which appears on the site in dedicated areas (notably via the contact form). The content submitted remains the responsibility of its authors, who assume full legal liability. <\/p>\n\n\n\n<p>Nevertheless, the site owner reserves the right to remove, without notice or justification, any content posted by users that does not comply with the site&#8217;s code of ethics or with current legislation.<\/p>\n\n\n\n<h2 class=\"wp-block-heading\"><strong>INTELLECTUAL PROPERTY<\/strong><\/h2>\n\n\n\n<p>Unless otherwise stated, all elements accessible on the site (texts, images, graphics, logos, icons, sounds, software, etc.) remain the exclusive property of their authors, with regard to intellectual property rights or rights of use.<\/p>\n\n\n\n<p>Any reproduction, representation, modification, publication, adaptation of all or part of the elements of the site, whatever the means or the process used, is prohibited, except prior written authorization of the author.<\/p>\n\n\n\n<p>Any unauthorized use of the site or of any of the elements it contains is considered to constitute an infringement and is liable to prosecution.<\/p>\n\n\n\n<p>Trademarks and logos reproduced on the site are registered by the companies that own them.<\/p>\n\n\n\n<h2 class=\"wp-block-heading\"><strong>LINKS<\/strong><\/h2>\n\n\n\n<p><strong>Outgoing links<\/strong><\/p>\n\n\n\n<p>The owner of the site declines all responsibility and is not committed by the referencing via hypertext links, of third-party resources present on the Internet network, as regards both their content and their relevance.<\/p>\n\n\n\n<p><strong>Inbound links<\/strong><\/p>\n\n\n\n<p>The site owner authorizes hypertext links to any page of this site, provided that these open a new window and are presented in an unambiguous manner in order to avoid :<\/p>\n\n\n\n<ul class=\"wp-block-list\">\n<li>any risk of confusion between the quoting site and the site owner<\/li>\n\n\n\n<li>as well as any tendentious presentation, or contrary to the laws in force.<\/li>\n<\/ul>\n\n\n\n<p>The site owner reserves the right to request the removal of a link if it considers that the source site does not comply with the rules thus defined.<\/p>\n\n\n\n<h2 class=\"wp-block-heading\"><strong>PRIVACY<\/strong><\/h2>\n\n\n\n<p>All users have the right to access, rectify and oppose any personal data concerning them, by making a written and signed request, accompanied by proof of identity.<\/p>\n\n\n\n<p>For any request, please contact the complaints department: <strong>&lt; &#8216;Email<\/strong>&#8216; <strong> &gt;<\/strong> <\/p>\n\n\n\n<h2 class=\"wp-block-heading\">CONSUMER OMBUDSMAN<\/h2>\n\n\n\n<p>In accordance with the provisions of article L 612-1 of the French Consumer Code, any campsite customer has the right to have recourse, free of charge, to a consumer mediator for the amicable resolution of a dispute with the campsite operator.<\/p>\n\n\n\n<p>The dispute resolution platform: <a href=\"https:\/\/consumer-redress.ec.europa.eu\/site-relocation_en?event=main.home2.show&amp;lng=FR\" data-type=\"link\" data-id=\"https:\/\/consumer-redress.ec.europa.eu\/site-relocation_en?event=main.home2.show&amp;lng=FR\" target=\"_blank\" rel=\"noreferrer noopener nofollow\">https:\/\/ec.europa.eu\/consumers\/odr\/main\/index.cfm?event=main.home2.show&amp;lng=FR<\/a><\/p>\n\n\n\n<h2 class=\"wp-block-heading\"><strong>CREDITS<\/strong><\/h2>\n\n\n\n<p class=\"has-text-align-left fade\"><strong>Horizon Marketing<\/strong><br\/>Adobe Stock<\/p>\n<\/div>\n\n\n\n<div style=\"height:100px\" aria-hidden=\"true\" class=\"wp-block-spacer\"><\/div>\n<\/div>\n<\/div><\/div>\n<\/div>\n","protected":false},"excerpt":{"rendered":"","protected":false},"author":1,"featured_media":0,"parent":0,"menu_order":93,"comment_status":"closed","ping_status":"closed","template":"page-full-width","meta":{"_acf_changed":false,"_seopress_robots_primary_cat":"","_seopress_titles_title":"Legal information | 4-star campsite La Roche Perc\u00e9e in Fouesnant","_seopress_titles_desc":"Legal information for the 4-star La Roche Perc\u00e9e campsite in Fouesnant, South Finist\u00e8re (29).","_seopress_robots_index":"","footnotes":""},"class_list":["post-2182","page","type-page","status-publish","hentry"],"acf":[],"_links":{"self":[{"href":"https:\/\/www.camping-larochepercee.com\/en\/wp-json\/wp\/v2\/pages\/2182","targetHints":{"allow":["GET"]}}],"collection":[{"href":"https:\/\/www.camping-larochepercee.com\/en\/wp-json\/wp\/v2\/pages"}],"about":[{"href":"https:\/\/www.camping-larochepercee.com\/en\/wp-json\/wp\/v2\/types\/page"}],"author":[{"embeddable":true,"href":"https:\/\/www.camping-larochepercee.com\/en\/wp-json\/wp\/v2\/users\/1"}],"replies":[{"embeddable":true,"href":"https:\/\/www.camping-larochepercee.com\/en\/wp-json\/wp\/v2\/comments?post=2182"}],"version-history":[{"count":3,"href":"https:\/\/www.camping-larochepercee.com\/en\/wp-json\/wp\/v2\/pages\/2182\/revisions"}],"predecessor-version":[{"id":22138,"href":"https:\/\/www.camping-larochepercee.com\/en\/wp-json\/wp\/v2\/pages\/2182\/revisions\/22138"}],"wp:attachment":[{"href":"https:\/\/www.camping-larochepercee.com\/en\/wp-json\/wp\/v2\/media?parent=2182"}],"curies":[{"name":"wp","href":"https:\/\/api.w.org\/{rel}","templated":true}]}}