{"id":2519,"date":"2025-11-19T14:11:43","date_gmt":"2025-11-19T13:11:43","guid":{"rendered":"https:\/\/www.camping-larochepercee.com\/juridische-informatie\/"},"modified":"2026-02-24T20:51:58","modified_gmt":"2026-02-24T19:51:58","slug":"juridische-informatie","status":"publish","type":"page","link":"https:\/\/www.camping-larochepercee.com\/nl\/juridische-informatie\/","title":{"rendered":"Juridische informatie"},"content":{"rendered":"\n<div class=\"wp-block-cover alignfull\"><img alt=\"Camping 4 \u00e9toiles La Roche Perc\u00e9e \u00e0 Fouesnant.\" decoding=\"async\" width=\"1024\" height=\"768\" class=\"wp-block-cover__image-background wp-image-169 size-large\" alt=\"\" src=\"https:\/\/www.camping-larochepercee.com\/wp-content\/uploads\/2025\/11\/ROCHE-PERCEE-2025-ESE-14-1024x768.webp\" data-object-fit=\"cover\" srcset=\"https:\/\/www.camping-larochepercee.com\/wp-content\/uploads\/2025\/11\/ROCHE-PERCEE-2025-ESE-14-1024x768.webp 1024w, https:\/\/www.camping-larochepercee.com\/wp-content\/uploads\/2025\/11\/ROCHE-PERCEE-2025-ESE-14-300x225.webp 300w, https:\/\/www.camping-larochepercee.com\/wp-content\/uploads\/2025\/11\/ROCHE-PERCEE-2025-ESE-14-768x576.webp 768w, https:\/\/www.camping-larochepercee.com\/wp-content\/uploads\/2025\/11\/ROCHE-PERCEE-2025-ESE-14-93x70.webp 93w\" sizes=\"(max-width: 1024px) 100vw, 1024px\" \/><span aria-hidden=\"true\" class=\"wp-block-cover__background has-background-dim-100 has-background-dim wp-block-cover__gradient-background has-background-gradient has-hero-gradient-gradient-background\"><\/span><div class=\"wp-block-cover__inner-container is-layout-flow wp-block-cover-is-layout-flow\">\n<div class=\"wp-block-group alignfull hero-lab has-global-padding is-layout-constrained wp-container-core-group-is-layout-52358bef wp-block-group-is-layout-constrained\" style=\"padding-top:var(--wp--preset--spacing--xxxxxxl);padding-right:var(--wp--preset--spacing--xs);padding-bottom:var(--wp--preset--spacing--xxxxxxl);padding-left:var(--wp--preset--spacing--xs)\">\n<h1 class=\"wp-block-heading has-text-align-center is-style-default has-secondary-font-family has-xl-font-size\" style=\"text-transform:uppercase\">Juridische informatie<\/h1>\n<\/div>\n<\/div><\/div>\n\n<div class=\"wp-block-group alignfull has-background is-layout-flow wp-block-group-is-layout-flow\" style=\"background:linear-gradient(135deg,rgb(224,204,152) 0%,rgb(56,102,139) 30%,rgb(26,40,55) 100%);padding-top:0;padding-right:0;padding-bottom:0;padding-left:0\">\n<div class=\"wp-block-cover is-style-background-contain banner-beach\" style=\"padding-top:var(--wp--preset--spacing--xl);padding-right:0;padding-bottom:var(--wp--preset--spacing--xl);padding-left:0\"><img alt=\"\" decoding=\"async\" width=\"2560\" height=\"1440\" class=\"wp-block-cover__image-background wp-image-166 size-16\/9_2560x1440_desktop\" alt=\"\" src=\"https:\/\/www.camping-larochepercee.com\/wp-content\/uploads\/2025\/11\/mer-1-2560x1440.webp\" style=\"object-position:50% 0%\" data-object-fit=\"cover\" data-object-position=\"50% 0%\" srcset=\"https:\/\/www.camping-larochepercee.com\/wp-content\/uploads\/2025\/11\/mer-1-2560x1440.webp 2560w, https:\/\/www.camping-larochepercee.com\/wp-content\/uploads\/2025\/11\/mer-1-123x70.webp 123w, https:\/\/www.camping-larochepercee.com\/wp-content\/uploads\/2025\/11\/mer-1-1920x1080.webp 1920w, https:\/\/www.camping-larochepercee.com\/wp-content\/uploads\/2025\/11\/mer-1-1440x810.webp 1440w, https:\/\/www.camping-larochepercee.com\/wp-content\/uploads\/2025\/11\/mer-1-1366x768.webp 1366w, https:\/\/www.camping-larochepercee.com\/wp-content\/uploads\/2025\/11\/mer-1-1024x576.webp 1024w, https:\/\/www.camping-larochepercee.com\/wp-content\/uploads\/2025\/11\/mer-1-800x450.webp 800w, https:\/\/www.camping-larochepercee.com\/wp-content\/uploads\/2025\/11\/mer-1-640x360.webp 640w, https:\/\/www.camping-larochepercee.com\/wp-content\/uploads\/2025\/11\/mer-1-375x210.webp 375w, https:\/\/www.camping-larochepercee.com\/wp-content\/uploads\/2025\/11\/mer-1-200x112.webp 200w, https:\/\/www.camping-larochepercee.com\/wp-content\/uploads\/2025\/11\/mer-1-100x56.webp 100w\" sizes=\"(max-width: 2560px) 100vw, 2560px\" \/><span aria-hidden=\"true\" class=\"wp-block-cover__background has-background-dim-100 has-background-dim wp-block-cover__gradient-background has-background-gradient\" style=\"background:linear-gradient(180deg,rgb(56,102,139) 0%,rgba(56,102,140,0.56) 16%,rgba(56,102,140,0) 51%,rgba(155,81,224,0) 100%)\"><\/span><div class=\"wp-block-cover__inner-container has-global-padding is-layout-constrained wp-container-core-cover-is-layout-44530be2 wp-block-cover-is-layout-constrained\"><div style=\"font-style:normal;font-weight:400; padding-left:var(--wp--preset--spacing--s);padding-top:var(--wp--preset--spacing--s);padding-bottom:var(--wp--preset--spacing--s);\" class=\"alignfull wp-elements-8de7e3f36acd8ecc9749c9a921d6bd93 wp-block-wpseopress-breadcrumbs has-text-color has-secondary-color\"><nav  aria-label=\"breadcrumb\"><ol class=\"breadcrumb\" itemscope itemtype=\"https:\/\/schema.org\/BreadcrumbList\"><li class=\"breadcrumb-item active\" aria-current=\"page\" itemprop=\"itemListElement\" itemscope itemtype=\"https:\/\/schema.org\/ListItem\"><span itemprop=\"name\">Camping in Fouesnant<\/span><meta itemprop=\"position\" content=\"1\"><\/li><\/ol><\/nav><\/div>\n\n\n<div class=\"wp-block-group alignfull has-global-padding is-layout-constrained wp-block-group-is-layout-constrained\">\n<div style=\"height:100px\" aria-hidden=\"true\" class=\"wp-block-spacer\"><\/div>\n\n\n\n<div class=\"wp-block-group has-global-padding is-content-justification-left is-layout-constrained wp-container-core-group-is-layout-417067bb wp-block-group-is-layout-constrained\" style=\"padding-top:0;padding-right:0;padding-bottom:0;padding-left:0\">\n<h2 class=\"wp-block-heading has-text-align-left fade\"><strong>IDENTITEIT<\/strong><\/h2>\n\n\n\n<p>Naam website: Camping la Roche Perc\u00e9e<br\/>Adres: https:\/\/www.camping-larochepercee.com\/<br\/>Eigenaar: <strong>J\u00e9rome PAQUERIAUD<\/strong> <br\/>Publicatiemanager: Camping la Roche Perc\u00e9e<br\/>Ontwerp en productie: <a href=\"https:\/\/www.horizon-marketing.com\/\" target=\"_blank\" rel=\"noreferrer noopener nofollow\">Horizon marketing<\/a><br\/>Animatie: <strong>Camping la Roche Perc\u00e9e<\/strong> <br\/>H\u00e9bergement : <strong><a href=\"https:\/\/www.infomaniak.com\/fr\" target=\"_blank\" rel=\"noreferrer noopener nofollow\">Infomaniak<\/a><\/strong><\/p>\n\n\n\n<h2 class=\"wp-block-heading\"><strong>WETTELIJK PERSOON<\/strong><\/h2>\n\n\n\n<p>S.A.S <strong>met een kapitaal van 7.500 euro - 478 578 628 R.C.S. Quimper - <\/strong>Beg Meil - 30 Hent Kerveltrec 29170 Fouesnant <strong>- 02 98 94 15 - contact@camping-larochepercee.com<\/strong><\/p>\n\n\n\n<h2 class=\"wp-block-heading\"><strong>GEBRUIKSVOORWAARDEN<\/strong><\/h2>\n\n\n\n<p>Het gebruik van deze site impliceert de volledige aanvaarding van de algemene gebruiksvoorwaarden die hieronder worden beschreven. Deze gebruiksvoorwaarden kunnen te allen tijde worden gewijzigd of aangevuld. <\/p>\n\n\n\n<h2 class=\"wp-block-heading\"><strong>INFORMATIE<\/strong><\/h2>\n\n\n\n<p>De informatie en documenten op deze site worden uitsluitend ter informatie verstrekt, zijn niet uitputtend en vallen niet onder de verantwoordelijkheid van de eigenaar van de site.<\/p>\n\n\n\n<p>De eigenaar van de site kan niet aansprakelijk worden gesteld voor rechtstreekse of onrechtstreekse schade die voortvloeit uit de toegang tot de site.<\/p>\n\n\n\n<h2 class=\"wp-block-heading\"><strong>INTERACTIVITEIT<\/strong><\/h2>\n\n\n\n<p>Gebruikers van de site kunnen inhoud insturen, die op de site zal verschijnen in speciale gebieden (met name via het contactformulier). De ingezonden inhoud blijft de verantwoordelijkheid van de auteurs, die de volledige wettelijke aansprakelijkheid op zich nemen. <\/p>\n\n\n\n<p>De eigenaar van de site behoudt zich echter het recht voor om zonder kennisgeving of rechtvaardiging inhoud te verwijderen die door gebruikers is geplaatst en die niet voldoet aan het ethisch handvest van de site of aan de huidige wetgeving.<\/p>\n\n\n\n<h2 class=\"wp-block-heading\"><strong>INTELLECTUEEL EIGENDOM<\/strong><\/h2>\n\n\n\n<p>Tenzij anders vermeld, blijven alle elementen die toegankelijk zijn op de site (teksten, afbeeldingen, grafieken, logo&#8217;s, pictogrammen, geluiden, software, enz.) het exclusieve eigendom van hun auteurs, met betrekking tot intellectuele eigendomsrechten of gebruiksrechten.<\/p>\n\n\n\n<p>Elke reproductie, representatie, wijziging, publicatie, aanpassing van alle of een deel van de elementen van de site, ongeacht het gebruikte middel of proces, is verboden, tenzij met de voorafgaande schriftelijke toestemming van de auteur.<\/p>\n\n\n\n<p>Elk ongeoorloofd gebruik van de site of een van de elementen op de site wordt beschouwd als een inbreuk en kan strafrechtelijk worden vervolgd.<\/p>\n\n\n\n<p>De merken en logo&#8217;s die op de site worden weergegeven, zijn geregistreerd door de bedrijven die er eigenaar van zijn.<\/p>\n\n\n\n<h2 class=\"wp-block-heading\"><strong>LINKS<\/strong><\/h2>\n\n\n\n<p><strong>Uitgaande links<\/strong><\/p>\n\n\n\n<p>De eigenaar van de site wijst alle verantwoordelijkheid af en is niet gebonden door het verwijzen, via hyperlinks, naar bronnen van derden die aanwezig zijn op het internetnetwerk, zowel wat betreft hun inhoud als hun relevantie.<\/p>\n\n\n\n<p><strong>Inkomende links<\/strong><\/p>\n\n\n\n<p>De eigenaar van de site staat hyperlinks toe naar elke pagina op deze site, op voorwaarde dat deze een nieuw venster openen en op ondubbelzinnige wijze worden gepresenteerd om te voorkomen dat :<\/p>\n\n\n\n<ul class=\"wp-block-list\">\n<li>elk risico op verwarring tussen de citerende site en de site-eigenaar<\/li>\n\n\n\n<li>evenals elke presentatie die tendentieus of in strijd met de geldende wetgeving is.<\/li>\n<\/ul>\n\n\n\n<p>De eigenaar van de site behoudt zich het recht voor om de verwijdering van een link te vragen als hij van mening is dat de bronsite niet voldoet aan deze regels.<\/p>\n\n\n\n<h2 class=\"wp-block-heading\"><strong>VERTROUWELIJKHEID<\/strong><\/h2>\n\n\n\n<p>Alle gebruikers hebben het recht op toegang tot, rectificatie van en verzet tegen alle persoonlijke gegevens die op hen betrekking hebben, door een schriftelijk en ondertekend verzoek in te dienen, vergezeld van een identiteitsbewijs.<\/p>\n\n\n\n<p>Als je vragen hebt, kun je contact opnemen met de klachtenafdeling: <strong>&lt; &#8216;Email<\/strong>&#8216;. <strong> &gt;<\/strong> <\/p>\n\n\n\n<h2 class=\"wp-block-heading\">CONSUMENTENOMBUDSMAN<\/h2>\n\n\n\n<p>In overeenstemming met de bepalingen van artikel L 612-1 van de Franse consumentenwetgeving heeft elke campinggast het recht om gratis een beroep te doen op een consumentenbemiddelaar voor de minnelijke schikking van een geschil met de campingexploitant.<\/p>\n\n\n\n<p>Het platform voor geschillenbeslechting: <a href=\"https:\/\/consumer-redress.ec.europa.eu\/site-relocation_en?event=main.home2.show&amp;lng=FR\" data-type=\"link\" data-id=\"https:\/\/consumer-redress.ec.europa.eu\/site-relocation_en?event=main.home2.show&amp;lng=FR\" target=\"_blank\" rel=\"noreferrer noopener nofollow\">https:\/\/ec.europa.eu\/consumers\/odr\/main\/index.cfm?event=main.home2.show&amp;lng=FR<\/a><\/p>\n\n\n\n<h2 class=\"wp-block-heading\"><strong>KREDIETEN<\/strong><\/h2>\n\n\n\n<p class=\"has-text-align-left fade\"><strong>Horizon Marketing<\/strong><br\/>Adobe Stock<\/p>\n<\/div>\n\n\n\n<div style=\"height:100px\" aria-hidden=\"true\" class=\"wp-block-spacer\"><\/div>\n<\/div>\n<\/div><\/div>\n<\/div>\n","protected":false},"excerpt":{"rendered":"","protected":false},"author":1,"featured_media":0,"parent":0,"menu_order":93,"comment_status":"closed","ping_status":"closed","template":"page-full-width","meta":{"_acf_changed":false,"_seopress_robots_primary_cat":"","_seopress_titles_title":"Juridische informatie | 4-sterren camping La Roche Perc\u00e9e in Fouesnant","_seopress_titles_desc":"Wettelijke informatie betreffende de 4 sterren camping La Roche Perc\u00e9e in Fouesnant in het zuiden van Finist\u00e8re (29).","_seopress_robots_index":"","footnotes":""},"class_list":["post-2519","page","type-page","status-publish","hentry"],"acf":[],"_links":{"self":[{"href":"https:\/\/www.camping-larochepercee.com\/nl\/wp-json\/wp\/v2\/pages\/2519","targetHints":{"allow":["GET"]}}],"collection":[{"href":"https:\/\/www.camping-larochepercee.com\/nl\/wp-json\/wp\/v2\/pages"}],"about":[{"href":"https:\/\/www.camping-larochepercee.com\/nl\/wp-json\/wp\/v2\/types\/page"}],"author":[{"embeddable":true,"href":"https:\/\/www.camping-larochepercee.com\/nl\/wp-json\/wp\/v2\/users\/1"}],"replies":[{"embeddable":true,"href":"https:\/\/www.camping-larochepercee.com\/nl\/wp-json\/wp\/v2\/comments?post=2519"}],"version-history":[{"count":3,"href":"https:\/\/www.camping-larochepercee.com\/nl\/wp-json\/wp\/v2\/pages\/2519\/revisions"}],"predecessor-version":[{"id":22136,"href":"https:\/\/www.camping-larochepercee.com\/nl\/wp-json\/wp\/v2\/pages\/2519\/revisions\/22136"}],"wp:attachment":[{"href":"https:\/\/www.camping-larochepercee.com\/nl\/wp-json\/wp\/v2\/media?parent=2519"}],"curies":[{"name":"wp","href":"https:\/\/api.w.org\/{rel}","templated":true}]}}